{"id":120,"date":"2023-01-06T12:05:25","date_gmt":"2023-01-06T11:05:25","guid":{"rendered":"https:\/\/boucherie.vamtam.com\/?page_id=120"},"modified":"2025-09-25T20:49:45","modified_gmt":"2025-09-25T18:49:45","slug":"orari-location","status":"publish","type":"page","link":"https:\/\/enotecadefeo.it\/de\/orari-location\/","title":{"rendered":"\u00d6ffnungszeiten &amp; Location"},"content":{"rendered":"<div data-elementor-type=\"wp-page\" data-elementor-id=\"120\" class=\"elementor elementor-120\" data-elementor-post-type=\"page\">\n\t\t\t\t<div class=\"elementor-element elementor-element-b3aeb77 e-flex e-con-boxed e-con e-parent\" data-id=\"b3aeb77\" data-element_type=\"container\" data-e-type=\"container\" data-settings=\"{&quot;background_background&quot;:&quot;classic&quot;}\">\n\t\t\t\t\t<div class=\"e-con-inner\">\n\t\t<div class=\"elementor-element elementor-element-34aebd3 e-con-full e-flex e-con e-child\" data-id=\"34aebd3\" data-element_type=\"container\" data-e-type=\"container\">\n\t\t\t\t<div class=\"elementor-element elementor-element-ec04758 elementor-view-default elementor-widget elementor-widget-icon\" data-id=\"ec04758\" data-element_type=\"widget\" data-e-type=\"widget\" data-settings=\"{&quot;motion_fx_motion_fx_scrolling&quot;:&quot;yes&quot;,&quot;motion_fx_translateX_effect&quot;:&quot;yes&quot;,&quot;motion_fx_translateX_direction&quot;:&quot;negative&quot;,&quot;motion_fx_translateX_speed&quot;:{&quot;unit&quot;:&quot;px&quot;,&quot;size&quot;:2,&quot;sizes&quot;:[]},&quot;motion_fx_translateX_affectedRange&quot;:{&quot;unit&quot;:&quot;%&quot;,&quot;size&quot;:&quot;&quot;,&quot;sizes&quot;:{&quot;start&quot;:50,&quot;end&quot;:100}},&quot;motion_fx_devices&quot;:[&quot;desktop&quot;]}\" data-widget_type=\"icon.default\">\n\t\t\t\t<div class=\"elementor-widget-container\">\n\t\t\t\t\t\t\t<div class=\"elementor-icon-wrapper\">\n\t\t\t<div class=\"elementor-icon\">\n\t\t\t<svg xmlns=\"http:\/\/www.w3.org\/2000\/svg\" id=\"Layer_2\" data-name=\"Layer 2\" viewbox=\"0 0 130.84 163.71\"><g id=\"Layer_3\" data-name=\"Layer 3\"><g><path d=\"m59.94,0h-.23c-3.67,0-6.88,2.18-9.55,5.65-1.23,3.7-4.03,13.71-2.65,25,1.74,14.28,3.65,15.94,2.74,16.02-.89.1-6.96-5.65-8.21-19.32-.51,3.27-.77,6.54-.77,9.61,0,7.72,1.95,11.56,5.15,14.71,4.67,4.59,8.09,3.49,9.79,6.31,1.12,1.87.93,12.57.1,26.21l4.38,5.77,2.8-1.64c-1.04-15.89-1.35-28.97.08-30.75,1.85-2.32,5.23-1.56,9.65-5.89,3.2-3.15,5.15-6.99,5.15-14.71,0-15.85-6.99-36.96-18.43-36.96Z\"><\/path><path d=\"m130.72,30.54c-.21-.29-1.02-.58-1.64.12l-23.76,27.87c-.75,1-2.63-.27-2.01-1.74l22.49-30.11c.33-.46.12-.79-.17-1.02-.27-.19-.54-.33-.95.17l-24.15,28.45c-1.18,1.2-3.17-.37-2.28-1.8l22.02-30.13c.37-.52.17-.77-.08-.98-.27-.21-.64-.35-1.02.08l-24.03,28.88c-.52.39-1.14.37-1.62.12-1.68,2.05-3.34,4.09-5.25,6.04,1.6-3.49,3.71-6.54,6.04-9.54l20.21-27.76c.56-.77.06-1.49-.25-1.62-.23-.08-.39-.19-.91.5-9.75,12.51-19.73,24.32-29.88,36.46-6.25,7.47,4.07,7.39-1.25,14.65-3.65,4.96-12.07,14.7-21.58,25.31C43.83,69.99,28.06,45.5,9.98,18.74c0,0-5.25-9.05-9.77-2.51-.43.64-.18,3.41.66,7.58.63,1.07,41.13,69.61,38.6,69.26-.56-.08-5.93-5.6-8.49-8.3-6.68-7.01-15.81-21.03-21.92-32.99,9.51,26.02,25.34,55.02,41.88,44.42.12-.08.23-.17.35-.25.47-.25,1.8,1.65,3.64,4.88-14.96,16.48-30.81,33.18-34.51,36.23-5.77,4.71-4.02,11.04.17,15l-.04.06c.08.06.15.12.23.19l.02.02c.15.1.27.17.39.29.13.08.23.19.37.29l.02.02c.08.06.15.12.23.19l.04-.06c4.83,3.15,11.39,3.36,14.63-3.34,1.5-3.09,8.31-13.85,16.62-26.47-1.37,13.61-2.77,24.98-3.58,28.71-1.6,7.28,3.67,11.16,9.44,11.68v.08h.31c.15,0,.33-.02.48-.02.17,0,.31.02.48.02h.33v-.08c5.77-.52,11.04-4.4,9.42-11.68-.75-3.4-2.13-14.65-3.49-28.27,5.85,12.3,11.37,24.64,12.42,27.48,4.9,13.4,23.03-.15,16.14-9.09-10.19-13.29-19.51-26.17-28.44-38.98,8.7-12.76,16.98-24.42,21.24-29.47,6.1-7.2,8.24,3.34,14.17-4.56,9.52-12.62,18.57-25.13,28.45-37.49.54-.68.39-.83.27-1.02ZM24.55,146.39s-1.56-2.84.46-7.05c1.66-3.46,24.24-28.37,31.58-35.52.16.3.32.61.49.92-7.08,9.8-32.53,41.66-32.53,41.66Z\" style=\"fill-rule: evenodd;\"><\/path><\/g><\/g><\/svg>\t\t\t<\/div>\n\t\t<\/div>\n\t\t\t\t\t\t<\/div>\n\t\t\t\t<\/div>\n\t\t\t\t<div class=\"elementor-element elementor-element-da614d7 elementor-widget elementor-widget-heading\" data-id=\"da614d7\" data-element_type=\"widget\" data-e-type=\"widget\" data-widget_type=\"heading.default\">\n\t\t\t\t<div class=\"elementor-widget-container\">\n\t\t\t\t\t<p class=\"elementor-heading-title elementor-size-default\">via Adelaide Ristori 29<br \/>\n33043 Cividale del Friuli UD<\/p>\t\t\t\t<\/div>\n\t\t\t\t<\/div>\n\t\t\t\t<div class=\"elementor-element elementor-element-e1defcb elementor-align-left elementor-mobile-align-left elementor-widget elementor-widget-button\" data-id=\"e1defcb\" data-element_type=\"widget\" data-e-type=\"widget\" data-widget_type=\"button.default\">\n\t\t\t\t<div class=\"elementor-widget-container\">\n\t\t\t\t\t\t\t\t\t<div class=\"elementor-button-wrapper\">\n\t\t\t\t\t<a class=\"elementor-button elementor-button-link elementor-size-sm\" href=\"tel:003904321515718\">\n\t\t\t\t\t\t<span class=\"elementor-button-content-wrapper\">\n\t\t\t\t\t\t\t\t\t<span class=\"elementor-button-text\">+39 0432 1515 718<\/span>\n\t\t\t\t\t<\/span>\n\t\t\t\t\t<\/a>\n\t\t\t\t<\/div>\n\t\t\t\t\t\t\t\t<\/div>\n\t\t\t\t<\/div>\n\t\t\t\t<\/div>\n\t\t\t\t\t<\/div>\n\t\t\t\t<\/div>\n\t\t<div class=\"elementor-element elementor-element-f0c1f31 e-flex e-con-boxed e-con e-parent\" data-id=\"f0c1f31\" data-element_type=\"container\" data-e-type=\"container\">\n\t\t\t\t\t<div class=\"e-con-inner\">\n\t\t<div class=\"elementor-element elementor-element-773ef9a e-con-full e-flex e-con e-child\" data-id=\"773ef9a\" data-element_type=\"container\" data-e-type=\"container\">\n\t\t\t\t<div class=\"elementor-element elementor-element-4de1988 elementor-widget__width-initial elementor-widget elementor-widget-text-editor\" data-id=\"4de1988\" data-element_type=\"widget\" data-e-type=\"widget\" data-widget_type=\"text-editor.default\">\n\t\t\t\t<div class=\"elementor-widget-container\">\n\t\t\t\t\t\t\t\t\t<p>Montag geschlossen<\/p><p>Marted\u00ec chiuso<\/p><p>Da Mercoled\u00ec a Domenica: 11 &gt; 14:30\u00a0 \u00a0+\u00a0\u00a0 17:30 &gt; 22<\/p>\t\t\t\t\t\t\t\t<\/div>\n\t\t\t\t<\/div>\n\t\t\t\t<\/div>\n\t\t<div class=\"elementor-element elementor-element-501f332 e-con-full e-flex e-con e-child\" data-id=\"501f332\" data-element_type=\"container\" data-e-type=\"container\">\n\t\t\t\t<\/div>\n\t\t\t\t\t<\/div>\n\t\t\t\t<\/div>\n\t\t<div class=\"elementor-element elementor-element-34abd9c e-flex e-con-boxed e-con e-parent\" data-id=\"34abd9c\" data-element_type=\"container\" data-e-type=\"container\" data-settings=\"{&quot;background_background&quot;:&quot;classic&quot;}\">\n\t\t\t\t\t<div class=\"e-con-inner\">\n\t\t<div class=\"elementor-element elementor-element-02ebba1 e-con-full e-flex e-con e-child\" data-id=\"02ebba1\" data-element_type=\"container\" data-e-type=\"container\">\n\t\t\t\t<div class=\"elementor-element elementor-element-b6d0b5e elementor-invisible elementor-widget elementor-widget-text-editor\" data-id=\"b6d0b5e\" data-element_type=\"widget\" data-e-type=\"widget\" data-settings=\"{&quot;_animation&quot;:&quot;fadeIn&quot;,&quot;_animation_delay&quot;:400}\" data-widget_type=\"text-editor.default\">\n\t\t\t\t<div class=\"elementor-widget-container\">\n\t\t\t\t\t\t\t\t\t<p>Das Enoteca Ristorante De Feo bietet moderne Interpretationen von vertrauten Gerichten und Kombinationen von Aromen, einzigartigen Geschm\u00e4ckern, innovativen Pr\u00e4sentationen und einem unverwechselbaren Stil in einer warmen und einladenden Atmosph\u00e4re.<\/p>\t\t\t\t\t\t\t\t<\/div>\n\t\t\t\t<\/div>\n\t\t\t\t<div class=\"elementor-element elementor-element-e392f6b elementor-widget__width-initial elementor-widget elementor-widget-button\" data-id=\"e392f6b\" data-element_type=\"widget\" data-e-type=\"widget\" data-widget_type=\"button.default\">\n\t\t\t\t<div class=\"elementor-widget-container\">\n\t\t\t\t\t\t\t\t\t<div class=\"elementor-button-wrapper\">\n\t\t\t\t\t<a class=\"elementor-button elementor-button-link elementor-size-sm\" href=\"#elementor-action:action=popup:open&settings=eyJpZCI6IjEwNTQiLCJ0b2dnbGUiOmZhbHNlfQ==\">\n\t\t\t\t\t\t<span class=\"elementor-button-content-wrapper\">\n\t\t\t\t\t\t\t\t\t<span class=\"elementor-button-text\">Reservieren Sie<\/span>\n\t\t\t\t\t<\/span>\n\t\t\t\t\t<\/a>\n\t\t\t\t<\/div>\n\t\t\t\t\t\t\t\t<\/div>\n\t\t\t\t<\/div>\n\t\t\t\t<\/div>\n\t\t<div class=\"elementor-element elementor-element-406ffcc e-con-full e-flex e-con e-child\" data-id=\"406ffcc\" data-element_type=\"container\" data-e-type=\"container\">\n\t\t\t\t<div class=\"elementor-element elementor-element-0b499df elementor-widget__width-auto elementor-widget elementor-widget-image\" data-id=\"0b499df\" data-element_type=\"widget\" data-e-type=\"widget\" data-settings=\"{&quot;motion_fx_motion_fx_scrolling&quot;:&quot;yes&quot;,&quot;motion_fx_translateY_effect&quot;:&quot;yes&quot;,&quot;motion_fx_translateY_speed&quot;:{&quot;unit&quot;:&quot;px&quot;,&quot;size&quot;:1,&quot;sizes&quot;:[]},&quot;motion_fx_devices&quot;:[&quot;desktop&quot;],&quot;motion_fx_translateY_affectedRange&quot;:{&quot;unit&quot;:&quot;%&quot;,&quot;size&quot;:&quot;&quot;,&quot;sizes&quot;:{&quot;start&quot;:0,&quot;end&quot;:100}}}\" data-widget_type=\"image.default\">\n\t\t\t\t<div class=\"elementor-widget-container\">\n\t\t\t\t\t\t\t\t\t\t\t\t\t\t\t<img fetchpriority=\"high\" decoding=\"async\" width=\"300\" height=\"300\" src=\"https:\/\/enotecadefeo.it\/wp-content\/uploads\/2023\/06\/Orologio-Formaggi-sq-300x300.jpg\" class=\"attachment-medium size-medium wp-image-988084\" alt=\"\" srcset=\"https:\/\/enotecadefeo.it\/wp-content\/uploads\/2023\/06\/Orologio-Formaggi-sq-300x300.jpg 300w, https:\/\/enotecadefeo.it\/wp-content\/uploads\/2023\/06\/Orologio-Formaggi-sq-1024x1024.jpg 1024w, https:\/\/enotecadefeo.it\/wp-content\/uploads\/2023\/06\/Orologio-Formaggi-sq-150x150.jpg 150w, https:\/\/enotecadefeo.it\/wp-content\/uploads\/2023\/06\/Orologio-Formaggi-sq-768x768.jpg 768w, https:\/\/enotecadefeo.it\/wp-content\/uploads\/2023\/06\/Orologio-Formaggi-sq-1536x1536.jpg 1536w, https:\/\/enotecadefeo.it\/wp-content\/uploads\/2023\/06\/Orologio-Formaggi-sq-2048x2048.jpg 2048w, https:\/\/enotecadefeo.it\/wp-content\/uploads\/2023\/06\/Orologio-Formaggi-sq-12x12.jpg 12w\" sizes=\"(max-width: 300px) 100vw, 300px\" \/>\t\t\t\t\t\t\t\t\t\t\t\t\t\t\t<\/div>\n\t\t\t\t<\/div>\n\t\t\t\t<div class=\"elementor-element elementor-element-a4c1726 elementor-widget__width-auto elementor-widget elementor-widget-image\" data-id=\"a4c1726\" data-element_type=\"widget\" data-e-type=\"widget\" data-settings=\"{&quot;motion_fx_motion_fx_scrolling&quot;:&quot;yes&quot;,&quot;motion_fx_translateY_effect&quot;:&quot;yes&quot;,&quot;motion_fx_translateY_direction&quot;:&quot;negative&quot;,&quot;motion_fx_translateY_speed&quot;:{&quot;unit&quot;:&quot;px&quot;,&quot;size&quot;:1,&quot;sizes&quot;:[]},&quot;motion_fx_translateY_affectedRange&quot;:{&quot;unit&quot;:&quot;%&quot;,&quot;size&quot;:&quot;&quot;,&quot;sizes&quot;:{&quot;start&quot;:0,&quot;end&quot;:54}},&quot;motion_fx_devices&quot;:[&quot;desktop&quot;]}\" data-widget_type=\"image.default\">\n\t\t\t\t<div class=\"elementor-widget-container\">\n\t\t\t\t\t\t\t\t\t\t\t\t\t\t\t<img decoding=\"async\" src=\"http:\/\/enotecadefeo.it\/wp-content\/uploads\/2023\/06\/20230531_171034-scaled.jpg\" title=\"\" alt=\"\" loading=\"lazy\" \/>\t\t\t\t\t\t\t\t\t\t\t\t\t\t\t<\/div>\n\t\t\t\t<\/div>\n\t\t\t\t<\/div>\n\t\t\t\t\t<\/div>\n\t\t\t\t<\/div>\n\t\t<div class=\"elementor-element elementor-element-38f1df2 e-con-full e-flex e-con e-parent\" data-id=\"38f1df2\" data-element_type=\"container\" data-e-type=\"container\">\n\t\t<div class=\"elementor-element elementor-element-b48fb57 e-con-full e-flex e-con e-child\" data-id=\"b48fb57\" data-element_type=\"container\" data-e-type=\"container\">\n\t\t\t\t<div class=\"elementor-element elementor-element-e68686f elementor-widget elementor-widget-google_maps\" data-id=\"e68686f\" data-element_type=\"widget\" data-e-type=\"widget\" data-widget_type=\"google_maps.default\">\n\t\t\t\t<div class=\"elementor-widget-container\">\n\t\t\t\t\t\t\t<div class=\"elementor-custom-embed\">\n\t\t\t<iframe loading=\"lazy\"\n\t\t\t\t\tsrc=\"https:\/\/maps.google.com\/maps?q=enoteca%20de%20feo%20cividale&#038;t=m&#038;z=17&#038;output=embed&#038;iwloc=near\"\n\t\t\t\t\ttitle=\"enoteca de feo cividale\"\n\t\t\t\t\taria-label=\"enoteca de feo cividale\"\n\t\t\t><\/iframe>\n\t\t<\/div>\n\t\t\t\t\t\t<\/div>\n\t\t\t\t<\/div>\n\t\t\t\t<\/div>\n\t\t\t\t<\/div>\n\t\t<div class=\"elementor-element elementor-element-9d4c140 e-flex e-con-boxed e-con e-parent\" data-id=\"9d4c140\" data-element_type=\"container\" data-e-type=\"container\">\n\t\t\t\t\t<div class=\"e-con-inner\">\n\t\t<div class=\"elementor-element elementor-element-6e4e5fe e-con-full e-flex e-con e-child\" data-id=\"6e4e5fe\" data-element_type=\"container\" data-e-type=\"container\">\n\t\t\t\t<div class=\"elementor-element elementor-element-d4849d5 elementor-widget__width-initial elementor-view-default elementor-widget elementor-widget-icon\" data-id=\"d4849d5\" data-element_type=\"widget\" data-e-type=\"widget\" data-widget_type=\"icon.default\">\n\t\t\t\t<div class=\"elementor-widget-container\">\n\t\t\t\t\t\t\t<div class=\"elementor-icon-wrapper\">\n\t\t\t<div class=\"elementor-icon\">\n\t\t\t<svg xmlns=\"http:\/\/www.w3.org\/2000\/svg\" id=\"Layer_2\" data-name=\"Layer 2\" viewbox=\"0 0 130.84 163.71\"><g id=\"Layer_3\" data-name=\"Layer 3\"><g><path d=\"m59.94,0h-.23c-3.67,0-6.88,2.18-9.55,5.65-1.23,3.7-4.03,13.71-2.65,25,1.74,14.28,3.65,15.94,2.74,16.02-.89.1-6.96-5.65-8.21-19.32-.51,3.27-.77,6.54-.77,9.61,0,7.72,1.95,11.56,5.15,14.71,4.67,4.59,8.09,3.49,9.79,6.31,1.12,1.87.93,12.57.1,26.21l4.38,5.77,2.8-1.64c-1.04-15.89-1.35-28.97.08-30.75,1.85-2.32,5.23-1.56,9.65-5.89,3.2-3.15,5.15-6.99,5.15-14.71,0-15.85-6.99-36.96-18.43-36.96Z\" style=\"fill: #a00;\"><\/path><path d=\"m130.72,30.54c-.21-.29-1.02-.58-1.64.12l-23.76,27.87c-.75,1-2.63-.27-2.01-1.74l22.49-30.11c.33-.46.12-.79-.17-1.02-.27-.19-.54-.33-.95.17l-24.15,28.45c-1.18,1.2-3.17-.37-2.28-1.8l22.02-30.13c.37-.52.17-.77-.08-.98-.27-.21-.64-.35-1.02.08l-24.03,28.88c-.52.39-1.14.37-1.62.12-1.68,2.05-3.34,4.09-5.25,6.04,1.6-3.49,3.71-6.54,6.04-9.54l20.21-27.76c.56-.77.06-1.49-.25-1.62-.23-.08-.39-.19-.91.5-9.75,12.51-19.73,24.32-29.88,36.46-6.25,7.47,4.07,7.39-1.25,14.65-3.65,4.96-12.07,14.7-21.58,25.31C43.83,69.99,28.06,45.5,9.98,18.74c0,0-5.25-9.05-9.77-2.51-.43.64-.18,3.41.66,7.58.63,1.07,41.13,69.61,38.6,69.26-.56-.08-5.93-5.6-8.49-8.3-6.68-7.01-15.81-21.03-21.92-32.99,9.51,26.02,25.34,55.02,41.88,44.42.12-.08.23-.17.35-.25.47-.25,1.8,1.65,3.64,4.88-14.96,16.48-30.81,33.18-34.51,36.23-5.77,4.71-4.02,11.04.17,15l-.04.06c.08.06.15.12.23.19l.02.02c.15.1.27.17.39.29.13.08.23.19.37.29l.02.02c.08.06.15.12.23.19l.04-.06c4.83,3.15,11.39,3.36,14.63-3.34,1.5-3.09,8.31-13.85,16.62-26.47-1.37,13.61-2.77,24.98-3.58,28.71-1.6,7.28,3.67,11.16,9.44,11.68v.08h.31c.15,0,.33-.02.48-.02.17,0,.31.02.48.02h.33v-.08c5.77-.52,11.04-4.4,9.42-11.68-.75-3.4-2.13-14.65-3.49-28.27,5.85,12.3,11.37,24.64,12.42,27.48,4.9,13.4,23.03-.15,16.14-9.09-10.19-13.29-19.51-26.17-28.44-38.98,8.7-12.76,16.98-24.42,21.24-29.47,6.1-7.2,8.24,3.34,14.17-4.56,9.52-12.62,18.57-25.13,28.45-37.49.54-.68.39-.83.27-1.02ZM24.55,146.39s-1.56-2.84.46-7.05c1.66-3.46,24.24-28.37,31.58-35.52.16.3.32.61.49.92-7.08,9.8-32.53,41.66-32.53,41.66Z\" style=\"fill: #a00; fill-rule: evenodd;\"><\/path><\/g><\/g><\/svg>\t\t\t<\/div>\n\t\t<\/div>\n\t\t\t\t\t\t<\/div>\n\t\t\t\t<\/div>\n\t\t\t\t<div class=\"elementor-element elementor-element-6f65f05 elementor-widget__width-initial elementor-widget elementor-widget-text-editor\" data-id=\"6f65f05\" data-element_type=\"widget\" data-e-type=\"widget\" data-widget_type=\"text-editor.default\">\n\t\t\t\t<div class=\"elementor-widget-container\">\n\t\t\t\t\t\t\t\t\t<p>L&#8217;enoteca \u2013 ristorante De Feo si trova nel centro di Cividale del Friuli, di fronte al teatro intitolato ad Adelaide Ristori, a pochi passi dalla questura e dalla centralissima piazza Paolo Diacono.\u00a0<\/p>\t\t\t\t\t\t\t\t<\/div>\n\t\t\t\t<\/div>\n\t\t\t\t<div class=\"elementor-element elementor-element-00cf93b elementor-widget elementor-widget-button\" data-id=\"00cf93b\" data-element_type=\"widget\" data-e-type=\"widget\" data-widget_type=\"button.default\">\n\t\t\t\t<div class=\"elementor-widget-container\">\n\t\t\t\t\t\t\t\t\t<div class=\"elementor-button-wrapper\">\n\t\t\t\t\t<a class=\"elementor-button elementor-button-link elementor-size-sm\" href=\"https:\/\/goo.gl\/maps\/tz2pVKiNCLwwQbUMA\" target=\"_blank\">\n\t\t\t\t\t\t<span class=\"elementor-button-content-wrapper\">\n\t\t\t\t\t\t<span class=\"elementor-button-icon\">\n\t\t\t\t<i aria-hidden=\"true\" class=\"vamtamtheme- vamtam-theme-arrow-cta\"><\/i>\t\t\t<\/span>\n\t\t\t\t\t\t\t\t\t<span class=\"elementor-button-text\">Route mit Google Maps berechnen<\/span>\n\t\t\t\t\t<\/span>\n\t\t\t\t\t<\/a>\n\t\t\t\t<\/div>\n\t\t\t\t\t\t\t\t<\/div>\n\t\t\t\t<\/div>\n\t\t\t\t<\/div>\n\t\t\t\t\t<\/div>\n\t\t\t\t<\/div>\n\t\t<div class=\"elementor-element elementor-element-68e7322 e-flex e-con-boxed e-con e-parent\" data-id=\"68e7322\" data-element_type=\"container\" data-e-type=\"container\">\n\t\t\t\t\t<div class=\"e-con-inner\">\n\t\t\t\t\t<\/div>\n\t\t\t\t<\/div>\n\t\t\t\t<\/div>","protected":false},"excerpt":{"rendered":"<p>via Adelaide Ristori 29 33043 Cividale del Friuli UD +39 0432 1515 718 Luned\u00ec chiuso Marted\u00ec chiuso Da Mercoled\u00ec a Domenica: 11 &gt; 14:30\u00a0 \u00a0+\u00a0\u00a0 17:30 &gt; 22 l&#8217;Enoteca Ristorante De Feo offre interpretazioni moderne di piatti familiari e combinazioni di sapori, gusti unici, presentazioni innovative e uno stile distintivo in un ambiente caldo e [&hellip;]<\/p>","protected":false},"author":1,"featured_media":987783,"parent":0,"menu_order":0,"comment_status":"closed","ping_status":"closed","template":"","meta":{"footnotes":""},"class_list":["post-120","page","type-page","status-publish","has-post-thumbnail","hentry"],"acf":[],"_links":{"self":[{"href":"https:\/\/enotecadefeo.it\/de\/wp-json\/wp\/v2\/pages\/120","targetHints":{"allow":["GET"]}}],"collection":[{"href":"https:\/\/enotecadefeo.it\/de\/wp-json\/wp\/v2\/pages"}],"about":[{"href":"https:\/\/enotecadefeo.it\/de\/wp-json\/wp\/v2\/types\/page"}],"author":[{"embeddable":true,"href":"https:\/\/enotecadefeo.it\/de\/wp-json\/wp\/v2\/users\/1"}],"replies":[{"embeddable":true,"href":"https:\/\/enotecadefeo.it\/de\/wp-json\/wp\/v2\/comments?post=120"}],"version-history":[{"count":91,"href":"https:\/\/enotecadefeo.it\/de\/wp-json\/wp\/v2\/pages\/120\/revisions"}],"predecessor-version":[{"id":990007,"href":"https:\/\/enotecadefeo.it\/de\/wp-json\/wp\/v2\/pages\/120\/revisions\/990007"}],"wp:featuredmedia":[{"embeddable":true,"href":"https:\/\/enotecadefeo.it\/de\/wp-json\/wp\/v2\/media\/987783"}],"wp:attachment":[{"href":"https:\/\/enotecadefeo.it\/de\/wp-json\/wp\/v2\/media?parent=120"}],"curies":[{"name":"wp","href":"https:\/\/api.w.org\/{rel}","templated":true}]}}